{"id":16766,"date":"2026-04-07T21:28:28","date_gmt":"2026-04-07T19:28:28","guid":{"rendered":"https:\/\/www.sam-asbl.be\/?page_id=16766"},"modified":"2026-04-07T21:34:39","modified_gmt":"2026-04-07T19:34:39","slug":"le-fil","status":"publish","type":"page","link":"https:\/\/www.sam-asbl.be\/?page_id=16766","title":{"rendered":"Le Fil"},"content":{"rendered":"\t\t<div class=\"bdpgridbox-main bdp-design-1 bdp-clearfix\">\r\n\t\t\t<div class=\"bdp-gridbox-inner bdp-clearfix\">\r\n\t\t\t\t\t<div class=\"bdp-medium-6 bdp-columns bdp-left-block\">\r\n\t\t\t\t\t<div class=\"bdp-post-image-bg\">\r\n\t\t\t\t<a href=\"https:\/\/www.sam-asbl.be\/?p=16702\">\r\n\t\t\t\t\t<img decoding=\"async\" src=\"https:\/\/www.sam-asbl.be\/wp-content\/uploads\/2025\/10\/CouvRapport-dactivites-2024-page-1-pdf-724x1024.jpg\" alt=\"Rapport d&rsquo;activit\u00e9s 2024\" \/>\r\n\t\t\t\t<\/a>\r\n\t\t\t<\/div>\r\n\t\t\t\t<div class=\"bdp-post-categories\">\r\n\t\t\t<a href=\"https:\/\/www.sam-asbl.be\/?cat=1\">News<\/a>\t\t<\/div>\r\n\t\t\r\n\t\t<h2 class=\"bdp-post-title\">\r\n\t\t\t<a href=\"https:\/\/www.sam-asbl.be\/?p=16702\">Rapport d&rsquo;activit\u00e9s 2024<\/a>\r\n\t\t<\/h2>\r\n\r\n\t\t\t\t\t<div class=\"bdp-post-meta\">\r\n\t\t\t\t\t\t\t\t<span class=\"bdp-post-meta-innr bdp-time\"><\/span>\r\n\t\t\t\t\t\t\t<\/div>\r\n\t\t\t\t<div class=\"bdp-post-content\">\r\n\t\t\t<div class=\"bdp-post-short-content\">Rapport d&#39;activite\u0301s 2023 Rapport d&#39;activite\u0301s 2024 &nbsp;<\/div>\r\n\t\t\t\t\t\t<a href=\"https:\/\/www.sam-asbl.be\/?p=16702\" class=\"bdp-readmorebtn\">Lire la suite<\/a>\r\n\t\t\t\t\t<\/div>\r\n\t\t\t<\/div>\r\n\t<div class=\"bdp-medium-6 bdp-columns bdp-inline-grid\">\r\n\t\t<div class=\"bdp-post-right-block bdp-medium-12 bdp-columns\">\r\n\t\t\t\t\t\t<div class=\"bdp-s-medium-3 bdp-columns\">\r\n\t\t\t\t<div class=\"bdp-post-image-bg\">\r\n\t\t\t\t\t<a href=\"https:\/\/www.sam-asbl.be\/?p=16247\">\r\n\t\t\t\t\t\t<img decoding=\"async\" src=\"https:\/\/www.sam-asbl.be\/wp-content\/uploads\/2025\/05\/simple-illustration-differents-refugies-56-personnes-marchant-autour-terre_950002-371356-150x150.jpg\" alt=\"Nouveaut\u00e9 Europ\u00e9enne 2025\" \/>\r\n\t\t\t\t\t<\/a>\r\n\t\t\t\t<\/div>\r\n\t\t\t<\/div>\r\n\t\t\t\t\t\t<div class=\"bdp-s-medium-9 bdp-columns\">\r\n\t\t\t\t\t\t\t\t<div class=\"bdp-post-categories\">\r\n\t\t\t\t\t<a href=\"https:\/\/www.sam-asbl.be\/?cat=1\">News<\/a>\t\t\t\t<\/div>\r\n\t\t\t\t\r\n\t\t\t\t<h4 class=\"bdp-post-title\">\r\n\t\t\t\t\t<a href=\"https:\/\/www.sam-asbl.be\/?p=16247\">Nouveaut\u00e9 Europ\u00e9enne 2025<\/a>\r\n\t\t\t\t<\/h4>\r\n\r\n\t\t\t\t\t\t\t\t<div class=\"bdp-post-meta\">\r\n\t\t\t\t\t\t\t\t\t\t<span class=\"bdp-post-meta-innr bdp-time\"><\/span>\r\n\t\t\t\t\t\t\t\t\t<\/div>\r\n\t\t\t\t\t\t\t<\/div>\r\n\t\t<\/div>\r\n\t<\/div>\r\n\t<div class=\"bdp-medium-6 bdp-columns bdp-inline-grid\">\r\n\t\t<div class=\"bdp-post-right-block bdp-medium-12 bdp-columns\">\r\n\t\t\t\t\t\t<div class=\"bdp-s-medium-3 bdp-columns\">\r\n\t\t\t\t<div class=\"bdp-post-image-bg\">\r\n\t\t\t\t\t<a href=\"https:\/\/www.sam-asbl.be\/?p=16016\">\r\n\t\t\t\t\t\t<img decoding=\"async\" src=\"https:\/\/www.sam-asbl.be\/wp-content\/uploads\/2025\/04\/Flyer-2025-2025-04-20-18-15-27-3-150x150.png\" alt=\"Brunch 2025\" \/>\r\n\t\t\t\t\t<\/a>\r\n\t\t\t\t<\/div>\r\n\t\t\t<\/div>\r\n\t\t\t\t\t\t<div class=\"bdp-s-medium-9 bdp-columns\">\r\n\t\t\t\t\t\t\t\t<div class=\"bdp-post-categories\">\r\n\t\t\t\t\t<a href=\"https:\/\/www.sam-asbl.be\/?cat=121\">Brunch SAM<\/a>\t\t\t\t<\/div>\r\n\t\t\t\t\r\n\t\t\t\t<h4 class=\"bdp-post-title\">\r\n\t\t\t\t\t<a href=\"https:\/\/www.sam-asbl.be\/?p=16016\">Brunch 2025<\/a>\r\n\t\t\t\t<\/h4>\r\n\r\n\t\t\t\t\t\t\t\t<div class=\"bdp-post-meta\">\r\n\t\t\t\t\t\t\t\t\t\t<span class=\"bdp-post-meta-innr bdp-time\"><\/span>\r\n\t\t\t\t\t\t\t\t\t<\/div>\r\n\t\t\t\t\t\t\t<\/div>\r\n\t\t<\/div>\r\n\t<\/div>\r\n\t<div class=\"bdp-medium-6 bdp-columns bdp-inline-grid\">\r\n\t\t<div class=\"bdp-post-right-block bdp-medium-12 bdp-columns\">\r\n\t\t\t\t\t\t<div class=\"bdp-s-medium-3 bdp-columns\">\r\n\t\t\t\t<div class=\"bdp-post-image-bg\">\r\n\t\t\t\t\t<a href=\"https:\/\/www.sam-asbl.be\/?p=16004\">\r\n\t\t\t\t\t\t<img decoding=\"async\" src=\"https:\/\/www.sam-asbl.be\/wp-content\/uploads\/2025\/04\/Rapport-dactivites-2023-IM-pdf-106x150.jpg\" alt=\"Rapport d&rsquo;activit\u00e9s 2023\" \/>\r\n\t\t\t\t\t<\/a>\r\n\t\t\t\t<\/div>\r\n\t\t\t<\/div>\r\n\t\t\t\t\t\t<div class=\"bdp-s-medium-9 bdp-columns\">\r\n\t\t\t\t\t\t\t\t<div class=\"bdp-post-categories\">\r\n\t\t\t\t\t<a href=\"https:\/\/www.sam-asbl.be\/?cat=120\">Rapports d'activit\u00e9s<\/a>\t\t\t\t<\/div>\r\n\t\t\t\t\r\n\t\t\t\t<h4 class=\"bdp-post-title\">\r\n\t\t\t\t\t<a href=\"https:\/\/www.sam-asbl.be\/?p=16004\">Rapport d&rsquo;activit\u00e9s 2023<\/a>\r\n\t\t\t\t<\/h4>\r\n\r\n\t\t\t\t\t\t\t\t<div class=\"bdp-post-meta\">\r\n\t\t\t\t\t\t\t\t\t\t<span class=\"bdp-post-meta-innr bdp-time\"><\/span>\r\n\t\t\t\t\t\t\t\t\t<\/div>\r\n\t\t\t\t\t\t\t<\/div>\r\n\t\t<\/div>\r\n\t<\/div>\r\n\t<div class=\"bdp-medium-6 bdp-columns bdp-inline-grid\">\r\n\t\t<div class=\"bdp-post-right-block bdp-medium-12 bdp-columns\">\r\n\t\t\t\t\t\t<div class=\"bdp-s-medium-3 bdp-columns\">\r\n\t\t\t\t<div class=\"bdp-post-image-bg\">\r\n\t\t\t\t\t<a href=\"https:\/\/www.sam-asbl.be\/?p=1288\">\r\n\t\t\t\t\t\t<img decoding=\"async\" src=\"https:\/\/www.sam-asbl.be\/wp-content\/uploads\/2023\/12\/New-year-IMG_0182-2-150x150.jpg\" alt=\"Une ann\u00e9e se termine, une autre commence!\" \/>\r\n\t\t\t\t\t<\/a>\r\n\t\t\t\t<\/div>\r\n\t\t\t<\/div>\r\n\t\t\t\t\t\t<div class=\"bdp-s-medium-9 bdp-columns\">\r\n\t\t\t\t\t\t\t\t<div class=\"bdp-post-categories\">\r\n\t\t\t\t\t<a href=\"https:\/\/www.sam-asbl.be\/?cat=1\">News<\/a>\t\t\t\t<\/div>\r\n\t\t\t\t\r\n\t\t\t\t<h4 class=\"bdp-post-title\">\r\n\t\t\t\t\t<a href=\"https:\/\/www.sam-asbl.be\/?p=1288\">Une ann\u00e9e se termine, une autre commence!<\/a>\r\n\t\t\t\t<\/h4>\r\n\r\n\t\t\t\t\t\t\t\t<div class=\"bdp-post-meta\">\r\n\t\t\t\t\t\t\t\t\t\t<span class=\"bdp-post-meta-innr bdp-time\"><\/span>\r\n\t\t\t\t\t\t\t\t\t<\/div>\r\n\t\t\t\t\t\t\t<\/div>\r\n\t\t<\/div>\r\n\t<\/div>\r\n\t<div class=\"bdp-medium-6 bdp-columns bdp-inline-grid\">\r\n\t\t<div class=\"bdp-post-right-block bdp-medium-12 bdp-columns\">\r\n\t\t\t\t\t\t<div class=\"bdp-s-medium-3 bdp-columns\">\r\n\t\t\t\t<div class=\"bdp-post-image-bg\">\r\n\t\t\t\t\t<a href=\"https:\/\/www.sam-asbl.be\/?p=15435\">\r\n\t\t\t\t\t\t<img decoding=\"async\" src=\"https:\/\/www.sam-asbl.be\/wp-content\/uploads\/2024\/12\/don-150x150.jpg\" alt=\"D\u00e9fiscalisation des dons\" \/>\r\n\t\t\t\t\t<\/a>\r\n\t\t\t\t<\/div>\r\n\t\t\t<\/div>\r\n\t\t\t\t\t\t<div class=\"bdp-s-medium-9 bdp-columns\">\r\n\t\t\t\t\t\t\t\t<div class=\"bdp-post-categories\">\r\n\t\t\t\t\t<a href=\"https:\/\/www.sam-asbl.be\/?cat=1\">News<\/a>\t\t\t\t<\/div>\r\n\t\t\t\t\r\n\t\t\t\t<h4 class=\"bdp-post-title\">\r\n\t\t\t\t\t<a href=\"https:\/\/www.sam-asbl.be\/?p=15435\">D\u00e9fiscalisation des dons<\/a>\r\n\t\t\t\t<\/h4>\r\n\r\n\t\t\t\t\t\t\t\t<div class=\"bdp-post-meta\">\r\n\t\t\t\t\t\t\t\t\t\t<span class=\"bdp-post-meta-innr bdp-time\"><\/span>\r\n\t\t\t\t\t\t\t\t\t<\/div>\r\n\t\t\t\t\t\t\t<\/div>\r\n\t\t<\/div>\r\n\t<\/div>\r\n\t<div class=\"bdp-medium-6 bdp-columns bdp-inline-grid\">\r\n\t\t<div class=\"bdp-post-right-block bdp-medium-12 bdp-columns\">\r\n\t\t\t\t\t\t<div class=\"bdp-s-medium-3 bdp-columns\">\r\n\t\t\t\t<div class=\"bdp-post-image-bg\">\r\n\t\t\t\t\t<a href=\"https:\/\/www.sam-asbl.be\/?p=1141\">\r\n\t\t\t\t\t\t<img decoding=\"async\" src=\"https:\/\/www.sam-asbl.be\/wp-content\/uploads\/2024\/02\/ensemble-istockphoto-1443571308-612x612-1-150x150.jpeg\" alt=\"Samed &#8211; Transition &#8211; Escale\" \/>\r\n\t\t\t\t\t<\/a>\r\n\t\t\t\t<\/div>\r\n\t\t\t<\/div>\r\n\t\t\t\t\t\t<div class=\"bdp-s-medium-9 bdp-columns\">\r\n\t\t\t\t\t\t\t\t<div class=\"bdp-post-categories\">\r\n\t\t\t\t\t<a href=\"https:\/\/www.sam-asbl.be\/?cat=1\">News<\/a>\t\t\t\t<\/div>\r\n\t\t\t\t\r\n\t\t\t\t<h4 class=\"bdp-post-title\">\r\n\t\t\t\t\t<a href=\"https:\/\/www.sam-asbl.be\/?p=1141\">Samed &#8211; Transition &#8211; Escale<\/a>\r\n\t\t\t\t<\/h4>\r\n\r\n\t\t\t\t\t\t\t\t<div class=\"bdp-post-meta\">\r\n\t\t\t\t\t\t\t\t\t\t<span class=\"bdp-post-meta-innr bdp-time\"><\/span>\r\n\t\t\t\t\t\t\t\t\t<\/div>\r\n\t\t\t\t\t\t\t<\/div>\r\n\t\t<\/div>\r\n\t<\/div>\r\n\t<div class=\"bdp-medium-6 bdp-columns bdp-inline-grid\">\r\n\t\t<div class=\"bdp-post-right-block bdp-medium-12 bdp-columns\">\r\n\t\t\t\t\t\t<div class=\"bdp-s-medium-3 bdp-columns\">\r\n\t\t\t\t<div class=\"bdp-post-image-bg\">\r\n\t\t\t\t\t<a href=\"https:\/\/www.sam-asbl.be\/?p=982\">\r\n\t\t\t\t\t\t<img decoding=\"async\" src=\"https:\/\/www.sam-asbl.be\/wp-content\/uploads\/2018\/11\/48368925_991331561053084_9017105042758434816_n-150x150.png\" alt=\"Apr\u00e8s midi au potager\" \/>\r\n\t\t\t\t\t<\/a>\r\n\t\t\t\t<\/div>\r\n\t\t\t<\/div>\r\n\t\t\t\t\t\t<div class=\"bdp-s-medium-9 bdp-columns\">\r\n\t\t\t\t\t\t\t\t<div class=\"bdp-post-categories\">\r\n\t\t\t\t\t<a href=\"https:\/\/www.sam-asbl.be\/?cat=1\">News<\/a>\t\t\t\t<\/div>\r\n\t\t\t\t\r\n\t\t\t\t<h4 class=\"bdp-post-title\">\r\n\t\t\t\t\t<a href=\"https:\/\/www.sam-asbl.be\/?p=982\">Apr\u00e8s midi au potager<\/a>\r\n\t\t\t\t<\/h4>\r\n\r\n\t\t\t\t\t\t\t\t<div class=\"bdp-post-meta\">\r\n\t\t\t\t\t\t\t\t\t\t<span class=\"bdp-post-meta-innr bdp-time\"><\/span>\r\n\t\t\t\t\t\t\t\t\t<\/div>\r\n\t\t\t\t\t\t\t<\/div>\r\n\t\t<\/div>\r\n\t<\/div>\r\n\t<div class=\"bdp-medium-6 bdp-columns bdp-inline-grid\">\r\n\t\t<div class=\"bdp-post-right-block bdp-medium-12 bdp-columns\">\r\n\t\t\t\t\t\t<div class=\"bdp-s-medium-3 bdp-columns\">\r\n\t\t\t\t<div class=\"bdp-post-image-bg\">\r\n\t\t\t\t\t<a href=\"https:\/\/www.sam-asbl.be\/?p=1\">\r\n\t\t\t\t\t\t<img decoding=\"async\" src=\"https:\/\/www.sam-asbl.be\/wp-content\/uploads\/2020\/05\/1-IMG_3707-150x150.png\" alt=\"Un mot de l&rsquo;administrateur\" \/>\r\n\t\t\t\t\t<\/a>\r\n\t\t\t\t<\/div>\r\n\t\t\t<\/div>\r\n\t\t\t\t\t\t<div class=\"bdp-s-medium-9 bdp-columns\">\r\n\t\t\t\t\t\t\t\t<div class=\"bdp-post-categories\">\r\n\t\t\t\t\t<a href=\"https:\/\/www.sam-asbl.be\/?cat=1\">News<\/a>\t\t\t\t<\/div>\r\n\t\t\t\t\r\n\t\t\t\t<h4 class=\"bdp-post-title\">\r\n\t\t\t\t\t<a href=\"https:\/\/www.sam-asbl.be\/?p=1\">Un mot de l&rsquo;administrateur<\/a>\r\n\t\t\t\t<\/h4>\r\n\r\n\t\t\t\t\t\t\t\t<div class=\"bdp-post-meta\">\r\n\t\t\t\t\t\t\t\t\t\t<span class=\"bdp-post-meta-innr bdp-time\"><\/span>\r\n\t\t\t\t\t\t\t\t\t<\/div>\r\n\t\t\t\t\t\t\t<\/div>\r\n\t\t<\/div>\r\n\t<\/div>\r\n\t\t\t<\/div>\r\n\t\t\r\n\t\t\t\t\t<\/div>\r\n\t\t\n","protected":false},"excerpt":{"rendered":"Il y a de nombreuses ann\u00e9es d\u00e9j\u00e0, l\u2019envie de cr\u00e9er un espace d\u2019infos, d\u2019\u00e9coute pour les demandeurs d\u2019asile ayant quitt\u00e9 les structures d\u2019accueil me trottait dans la t\u00eate. Le temps a pass\u00e9, le travail a pris beaucoup de place, d\u2019autres projets familiaux notamment ont occup\u00e9...","protected":false},"author":2,"featured_media":0,"parent":0,"menu_order":0,"comment_status":"closed","ping_status":"closed","template":"","meta":{"_exactmetrics_skip_tracking":false,"_exactmetrics_sitenote_active":false,"_exactmetrics_sitenote_note":"","_exactmetrics_sitenote_category":0,"_monsterinsights_skip_tracking":false,"_monsterinsights_sitenote_active":false,"_monsterinsights_sitenote_note":"","_monsterinsights_sitenote_category":0,"footnotes":""},"class_list":["post-16766","page","type-page","status-publish","hentry"],"_links":{"self":[{"href":"https:\/\/www.sam-asbl.be\/index.php?rest_route=\/wp\/v2\/pages\/16766","targetHints":{"allow":["GET"]}}],"collection":[{"href":"https:\/\/www.sam-asbl.be\/index.php?rest_route=\/wp\/v2\/pages"}],"about":[{"href":"https:\/\/www.sam-asbl.be\/index.php?rest_route=\/wp\/v2\/types\/page"}],"author":[{"embeddable":true,"href":"https:\/\/www.sam-asbl.be\/index.php?rest_route=\/wp\/v2\/users\/2"}],"replies":[{"embeddable":true,"href":"https:\/\/www.sam-asbl.be\/index.php?rest_route=%2Fwp%2Fv2%2Fcomments&post=16766"}],"version-history":[{"count":2,"href":"https:\/\/www.sam-asbl.be\/index.php?rest_route=\/wp\/v2\/pages\/16766\/revisions"}],"predecessor-version":[{"id":16768,"href":"https:\/\/www.sam-asbl.be\/index.php?rest_route=\/wp\/v2\/pages\/16766\/revisions\/16768"}],"wp:attachment":[{"href":"https:\/\/www.sam-asbl.be\/index.php?rest_route=%2Fwp%2Fv2%2Fmedia&parent=16766"}],"curies":[{"name":"wp","href":"https:\/\/api.w.org\/{rel}","templated":true}]}}