{"id":17021,"date":"2026-04-11T12:20:24","date_gmt":"2026-04-11T10:20:24","guid":{"rendered":"https:\/\/www.sam-asbl.be\/?page_id=17021"},"modified":"2026-04-11T13:57:41","modified_gmt":"2026-04-11T11:57:41","slug":"service-juridique-service","status":"publish","type":"page","link":"https:\/\/www.sam-asbl.be\/?page_id=17021","title":{"rendered":"Service juridique"},"content":{"rendered":"\t\t<div data-elementor-type=\"wp-page\" data-elementor-id=\"17021\" class=\"elementor elementor-17021\" data-elementor-post-type=\"page\">\n\t\t\t\t\t\t<div class=\"elementor-element elementor-element-29451e4 e-con e-atomic-element e-flexbox-base e-29451e4-466de37\" data-id=\"29451e4\" data-element_type=\"e-flexbox\" data-e-type=\"e-flexbox\" data-interaction-id=\"29451e4\">\n\t\t\t\t\t\t\t<h2 \n\t\tdata-interaction-id=\"71be8fd\" \n\t\tclass=\"e-71be8fd-5aedb07 e-heading-base\" \n\t\t \n\t\t\n\t>\n\t\n\t\t\tService juridique\n\t\t<\/h2>\n\t\t\t\t<\/div>\n\t\t\t\t<div class=\"elementor-element elementor-element-669a9ba e-con e-atomic-element e-flexbox-base e-669a9ba-ecec89e\" data-id=\"669a9ba\" data-element_type=\"e-flexbox\" data-e-type=\"e-flexbox\" data-interaction-id=\"669a9ba\">\n\t\t\t\t\t\t\t\t<p class=\"e-fa48cac-3b37f47 e-paragraph-base\" data-interaction-id=\"fa48cac\"  >\n\t\t\t\t\t\t\t\tBesoin d\u2019informations sur votre situation administrative, votre s\u00e9jour, votre proc\u00e9dure d\u2019asile ou l\u2019acquisition de la nationalit\u00e9 ?<br><br>Vous avez des questions sur vos droits en mati\u00e8re de logement, de sant\u00e9 ou d\u2019autres d\u00e9marches administratives ? <br><br>Vous souhaitez en savoir plus sur le mariage, la cohabitation l\u00e9gale, ou vous rencontrez des difficult\u00e9s avec votre propri\u00e9taire ?<br><br>Le service juridique de SAM asbl vous accompagne, que ce soit pour une consultation ponctuelle ou un suivi \u00e0 long terme. \"Notre juriste vous conseille et vous aide \u00e0 mieux comprendre vos droits et les d\u00e9marches \u00e0 entreprendre.\"<br><br>En lien avec les services comp\u00e9tents, nous vous guidons dans vos interactions avec les administrations et organismes concern\u00e9s afin de faciliter vos d\u00e9marches, d\u00e9fendre vos droits et vous rappeler vos devoirs, au besoin.Ne restez pas seul face \u00e0 ces questions ! <br><br>Un juriste est \u00e0 votre disposition pour vous \u00e9couter, vous conseiller et vous accompagner dans vos d\u00e9marches.<br><br>Que ce soit lors d\u2019un rendez-vous convivial ou d\u2019une simple conversation t\u00e9l\u00e9phonique, nous sommes l\u00e0 pour vous aider \u00e0 y voir plus clair et \u00e0 trouver des solutions adapt\u00e9es \u00e0 votre situation.<br><br>Prenez rendez-vous d\u00e8s maintenant pour b\u00e9n\u00e9ficier d\u2019un accompagnement personnalis\u00e9 !\n\t\t\t\t\t<\/p>\n\t\t\t\t<\/div>\n\t\t<div class=\"elementor-element elementor-element-bca0b29 e-grid e-con-full e-con e-parent\" data-id=\"bca0b29\" data-element_type=\"container\" data-e-type=\"container\" data-settings=\"{&quot;background_background&quot;:&quot;classic&quot;}\">\n\t\t\t\t<div class=\"elementor-element elementor-element-ee1a704 elementor-arrows-position-outside elementor-pagination-position-outside elementor--h-position-center elementor--v-position-middle elementor-widget elementor-widget-slides\" data-id=\"ee1a704\" data-element_type=\"widget\" data-e-type=\"widget\" data-settings=\"{&quot;navigation&quot;:&quot;both&quot;,&quot;autoplay&quot;:&quot;yes&quot;,&quot;pause_on_hover&quot;:&quot;yes&quot;,&quot;pause_on_interaction&quot;:&quot;yes&quot;,&quot;autoplay_speed&quot;:5000,&quot;infinite&quot;:&quot;yes&quot;,&quot;transition&quot;:&quot;slide&quot;,&quot;transition_speed&quot;:500}\" data-widget_type=\"slides.default\">\n\t\t\t\t<div class=\"elementor-widget-container\">\n\t\t\t\t\t\t\t\t\t<div class=\"elementor-swiper\">\n\t\t\t\t\t<div class=\"elementor-slides-wrapper elementor-main-swiper swiper\" role=\"region\" aria-roledescription=\"carousel\" aria-label=\"Slides\" dir=\"ltr\" data-animation=\"fadeInUp\">\n\t\t\t\t<div class=\"swiper-wrapper elementor-slides\">\n\t\t\t\t\t\t\t\t\t\t<div class=\"elementor-repeater-item-59c6569 swiper-slide\" role=\"group\" aria-roledescription=\"slide\"><div class=\"swiper-slide-bg\" role=\"img\"><\/div><div class=\"swiper-slide-inner\" ><div class=\"swiper-slide-contents\"><\/div><\/div><\/div><div class=\"elementor-repeater-item-873b4d3 swiper-slide\" role=\"group\" aria-roledescription=\"slide\"><div class=\"swiper-slide-bg\" role=\"img\"><\/div><div class=\"swiper-slide-inner\" ><div class=\"swiper-slide-contents\"><\/div><\/div><\/div>\t\t\t\t<\/div>\n\t\t\t\t\t\t\t\t\t\t\t\t\t\t\t<div class=\"swiper-pagination\"><\/div>\n\t\t\t\t\t\t\t\t\t\t\t\t\t\t\t\t<div class=\"elementor-swiper-button elementor-swiper-button-prev\" role=\"button\" tabindex=\"0\" aria-label=\"Previous slide\">\n\t\t\t\t\t\t\t<i aria-hidden=\"true\" class=\"eicon-chevron-left\"><\/i>\t\t\t\t\t\t<\/div>\n\t\t\t\t\t\t<div class=\"elementor-swiper-button elementor-swiper-button-next\" role=\"button\" tabindex=\"0\" aria-label=\"Next slide\">\n\t\t\t\t\t\t\t<i aria-hidden=\"true\" class=\"eicon-chevron-right\"><\/i>\t\t\t\t\t\t<\/div>\n\t\t\t\t\t\t\t\t\t\t\t\t<\/div>\n\t\t\t\t<\/div>\n\t\t\t\t\t\t\t\t<\/div>\n\t\t\t\t<\/div>\n\t\t\t\t<\/div>\n\t\t<div class=\"elementor-element elementor-element-0de93bc e-flex e-con-boxed e-con e-parent\" data-id=\"0de93bc\" data-element_type=\"container\" data-e-type=\"container\" data-settings=\"{&quot;background_background&quot;:&quot;classic&quot;}\">\n\t\t\t\t\t<div class=\"e-con-inner\">\n\t\t\t\t\t\t\t\t<p class=\"e-ba5c7a2-6264ad6 e-paragraph-base\" data-interaction-id=\"ba5c7a2\"  >\n\t\t\t\t\t\t\t\tService juridique\n\t\t\t\t\t<\/p>\n\t\t\t\t<div class=\"elementor-element elementor-element-14bd7fc elementor-align-center elementor-icon-list--layout-traditional elementor-list-item-link-full_width elementor-widget elementor-widget-icon-list\" data-id=\"14bd7fc\" data-element_type=\"widget\" data-e-type=\"widget\" data-widget_type=\"icon-list.default\">\n\t\t\t\t<div class=\"elementor-widget-container\">\n\t\t\t\t\t\t\t<ul class=\"elementor-icon-list-items\">\n\t\t\t\t\t\t\t<li class=\"elementor-icon-list-item\">\n\t\t\t\t\t\t\t\t\t\t\t<span class=\"elementor-icon-list-icon\">\n\t\t\t\t\t\t\t<i aria-hidden=\"true\" class=\"fas fa-home\"><\/i>\t\t\t\t\t\t<\/span>\n\t\t\t\t\t\t\t\t\t\t<span class=\"elementor-icon-list-text\">Quai des Ardennes, 7 \/ 4020 Li\u00e8ge<\/span>\n\t\t\t\t\t\t\t\t\t<\/li>\n\t\t\t\t\t\t\t\t<li class=\"elementor-icon-list-item\">\n\t\t\t\t\t\t\t\t\t\t\t<span class=\"elementor-icon-list-icon\">\n\t\t\t\t\t\t\t<i aria-hidden=\"true\" class=\"fas fa-phone-alt\"><\/i>\t\t\t\t\t\t<\/span>\n\t\t\t\t\t\t\t\t\t\t<span class=\"elementor-icon-list-text\">04\/250.42.20 ou 0471\/83.08.61<\/span>\n\t\t\t\t\t\t\t\t\t<\/li>\n\t\t\t\t\t\t\t\t<li class=\"elementor-icon-list-item\">\n\t\t\t\t\t\t\t\t\t\t\t<span class=\"elementor-icon-list-icon\">\n\t\t\t\t\t\t\t<i aria-hidden=\"true\" class=\"far fa-envelope\"><\/i>\t\t\t\t\t\t<\/span>\n\t\t\t\t\t\t\t\t\t\t<span class=\"elementor-icon-list-text\">sociojur@sam-asbl.be <\/span>\n\t\t\t\t\t\t\t\t\t<\/li>\n\t\t\t\t\t\t<\/ul>\n\t\t\t\t\t\t<\/div>\n\t\t\t\t<\/div>\n\t\t\t\t\t<\/div>\n\t\t\t\t<\/div>\n\t\t\t\t<\/div>\n\t\t","protected":false},"excerpt":{"rendered":"<p>Service juridique Besoin d\u2019informations sur votre situation administrative, votre s\u00e9jour, votre proc\u00e9dure d\u2019asile ou l\u2019acquisition de la nationalit\u00e9 ? Vous avez des questions sur vos droits en mati\u00e8re de logement, de sant\u00e9 ou d\u2019autres d\u00e9marches administratives ? Vous souhaitez en savoir plus sur le mariage,&#8230;<\/p>\n","protected":false},"author":8,"featured_media":0,"parent":0,"menu_order":0,"comment_status":"closed","ping_status":"closed","template":"elementor_header_footer","meta":{"_monsterinsights_skip_tracking":false,"_monsterinsights_sitenote_active":false,"_monsterinsights_sitenote_note":"","_monsterinsights_sitenote_category":0,"footnotes":""},"class_list":["post-17021","page","type-page","status-publish","hentry"],"_links":{"self":[{"href":"https:\/\/www.sam-asbl.be\/index.php?rest_route=\/wp\/v2\/pages\/17021","targetHints":{"allow":["GET"]}}],"collection":[{"href":"https:\/\/www.sam-asbl.be\/index.php?rest_route=\/wp\/v2\/pages"}],"about":[{"href":"https:\/\/www.sam-asbl.be\/index.php?rest_route=\/wp\/v2\/types\/page"}],"author":[{"embeddable":true,"href":"https:\/\/www.sam-asbl.be\/index.php?rest_route=\/wp\/v2\/users\/8"}],"replies":[{"embeddable":true,"href":"https:\/\/www.sam-asbl.be\/index.php?rest_route=%2Fwp%2Fv2%2Fcomments&post=17021"}],"version-history":[{"count":14,"href":"https:\/\/www.sam-asbl.be\/index.php?rest_route=\/wp\/v2\/pages\/17021\/revisions"}],"predecessor-version":[{"id":17159,"href":"https:\/\/www.sam-asbl.be\/index.php?rest_route=\/wp\/v2\/pages\/17021\/revisions\/17159"}],"wp:attachment":[{"href":"https:\/\/www.sam-asbl.be\/index.php?rest_route=%2Fwp%2Fv2%2Fmedia&parent=17021"}],"curies":[{"name":"wp","href":"https:\/\/api.w.org\/{rel}","templated":true}]}}