{"id":17054,"date":"2026-04-11T12:48:21","date_gmt":"2026-04-11T10:48:21","guid":{"rendered":"https:\/\/www.sam-asbl.be\/?page_id=17054"},"modified":"2026-04-11T13:55:46","modified_gmt":"2026-04-11T11:55:46","slug":"service-logement-service","status":"publish","type":"page","link":"https:\/\/www.sam-asbl.be\/?page_id=17054","title":{"rendered":"Service logement"},"content":{"rendered":"\t\t<div data-elementor-type=\"wp-page\" data-elementor-id=\"17054\" class=\"elementor elementor-17054\" data-elementor-post-type=\"page\">\n\t\t\t\t\t\t<div class=\"elementor-element elementor-element-29451e4 e-con e-atomic-element e-flexbox-base e-29451e4-466de37\" data-id=\"29451e4\" data-element_type=\"e-flexbox\" data-e-type=\"e-flexbox\" data-interaction-id=\"29451e4\">\n\t\t\t\t\t\t\t<h2 \n\t\tdata-interaction-id=\"71be8fd\" \n\t\tclass=\"e-71be8fd-5aedb07 e-heading-base\" \n\t\t \n\t\t\n\t>\n\t\n\t\t\tService logement\n\t\t<\/h2>\n\t\t\t\t<\/div>\n\t\t\t\t<div class=\"elementor-element elementor-element-669a9ba e-con e-atomic-element e-flexbox-base e-669a9ba-ecec89e\" data-id=\"669a9ba\" data-element_type=\"e-flexbox\" data-e-type=\"e-flexbox\" data-interaction-id=\"669a9ba\">\n\t\t\t\t\t\t\t\t<p class=\"e-fa48cac-3b37f47 e-paragraph-base\" data-interaction-id=\"fa48cac\"  >\n\t\t\t\t\t\t\t\tVous avez obtenu un titre de s\u00e9jour, votre situation administrative \u00e9volue, votre famille s\u2019agrandit et vous avez besoin d\u2019un logement ?<br><br>Nous sommes \u00e0 votre disposition pour vous aider et vous apporter l\u2019aide ad\u00e9quate : recherche d\u2019un logement, accompagnement dans les d\u00e9marches \u00e0 effectuer aupr\u00e8s du propri\u00e9taire, du CPAS, de l\u2019organisme financier, etc. <br><br>Vous aurez \u00e9galement l\u2019opportunit\u00e9 de nous poser toutes vos questions concernant la l\u00e9gislation en mati\u00e8re de bail et de garantie locative.\n\t\t\t\t\t<\/p>\n\t\t\t\t<\/div>\n\t\t<div class=\"elementor-element elementor-element-bca0b29 e-grid e-con-full e-con e-parent\" data-id=\"bca0b29\" data-element_type=\"container\" data-e-type=\"container\" data-settings=\"{&quot;background_background&quot;:&quot;classic&quot;}\">\n\t\t\t\t<div class=\"elementor-element elementor-element-ee1a704 elementor-arrows-position-outside elementor-pagination-position-outside elementor--h-position-center elementor--v-position-middle elementor-widget elementor-widget-slides\" data-id=\"ee1a704\" data-element_type=\"widget\" data-e-type=\"widget\" data-settings=\"{&quot;navigation&quot;:&quot;both&quot;,&quot;autoplay&quot;:&quot;yes&quot;,&quot;pause_on_hover&quot;:&quot;yes&quot;,&quot;pause_on_interaction&quot;:&quot;yes&quot;,&quot;autoplay_speed&quot;:5000,&quot;infinite&quot;:&quot;yes&quot;,&quot;transition&quot;:&quot;slide&quot;,&quot;transition_speed&quot;:500}\" data-widget_type=\"slides.default\">\n\t\t\t\t<div class=\"elementor-widget-container\">\n\t\t\t\t\t\t\t\t\t<div class=\"elementor-swiper\">\n\t\t\t\t\t<div class=\"elementor-slides-wrapper elementor-main-swiper swiper\" role=\"region\" aria-roledescription=\"carousel\" aria-label=\"Slides\" dir=\"ltr\" data-animation=\"fadeInUp\">\n\t\t\t\t<div class=\"swiper-wrapper elementor-slides\">\n\t\t\t\t\t\t\t\t\t\t<div class=\"elementor-repeater-item-59c6569 swiper-slide\" role=\"group\" aria-roledescription=\"slide\"><div class=\"swiper-slide-bg\" role=\"img\"><\/div><div class=\"swiper-slide-inner\" ><div class=\"swiper-slide-contents\"><\/div><\/div><\/div><div class=\"elementor-repeater-item-873b4d3 swiper-slide\" role=\"group\" aria-roledescription=\"slide\"><div class=\"swiper-slide-bg\" role=\"img\"><\/div><div class=\"swiper-slide-inner\" ><div class=\"swiper-slide-contents\"><\/div><\/div><\/div>\t\t\t\t<\/div>\n\t\t\t\t\t\t\t\t\t\t\t\t\t\t\t<div class=\"swiper-pagination\"><\/div>\n\t\t\t\t\t\t\t\t\t\t\t\t\t\t\t\t<div class=\"elementor-swiper-button elementor-swiper-button-prev\" role=\"button\" tabindex=\"0\" aria-label=\"Previous slide\">\n\t\t\t\t\t\t\t<i aria-hidden=\"true\" class=\"eicon-chevron-left\"><\/i>\t\t\t\t\t\t<\/div>\n\t\t\t\t\t\t<div class=\"elementor-swiper-button elementor-swiper-button-next\" role=\"button\" tabindex=\"0\" aria-label=\"Next slide\">\n\t\t\t\t\t\t\t<i aria-hidden=\"true\" class=\"eicon-chevron-right\"><\/i>\t\t\t\t\t\t<\/div>\n\t\t\t\t\t\t\t\t\t\t\t\t<\/div>\n\t\t\t\t<\/div>\n\t\t\t\t\t\t\t\t<\/div>\n\t\t\t\t<\/div>\n\t\t\t\t<\/div>\n\t\t<div class=\"elementor-element elementor-element-0de93bc e-flex e-con-boxed e-con e-parent\" data-id=\"0de93bc\" data-element_type=\"container\" data-e-type=\"container\" data-settings=\"{&quot;background_background&quot;:&quot;classic&quot;}\">\n\t\t\t\t\t<div class=\"e-con-inner\">\n\t\t\t\t\t\t\t\t<p class=\"e-ba5c7a2-6264ad6 e-paragraph-base\" data-interaction-id=\"ba5c7a2\"  >\n\t\t\t\t\t\t\t\tService logement\n\t\t\t\t\t<\/p>\n\t\t\t\t<div class=\"elementor-element elementor-element-14bd7fc elementor-align-center elementor-icon-list--layout-traditional elementor-list-item-link-full_width elementor-widget elementor-widget-icon-list\" data-id=\"14bd7fc\" data-element_type=\"widget\" data-e-type=\"widget\" data-widget_type=\"icon-list.default\">\n\t\t\t\t<div class=\"elementor-widget-container\">\n\t\t\t\t\t\t\t<ul class=\"elementor-icon-list-items\">\n\t\t\t\t\t\t\t<li class=\"elementor-icon-list-item\">\n\t\t\t\t\t\t\t\t\t\t\t<span class=\"elementor-icon-list-icon\">\n\t\t\t\t\t\t\t<i aria-hidden=\"true\" class=\"fas fa-home\"><\/i>\t\t\t\t\t\t<\/span>\n\t\t\t\t\t\t\t\t\t\t<span class=\"elementor-icon-list-text\">Quai des Ardennes, 7 \/ 4020 Li\u00e8ge<\/span>\n\t\t\t\t\t\t\t\t\t<\/li>\n\t\t\t\t\t\t\t\t<li class=\"elementor-icon-list-item\">\n\t\t\t\t\t\t\t\t\t\t\t<span class=\"elementor-icon-list-icon\">\n\t\t\t\t\t\t\t<i aria-hidden=\"true\" class=\"fas fa-phone-alt\"><\/i>\t\t\t\t\t\t<\/span>\n\t\t\t\t\t\t\t\t\t\t<span class=\"elementor-icon-list-text\">04\/250.42.20 ou 0471\/83.08.61<\/span>\n\t\t\t\t\t\t\t\t\t<\/li>\n\t\t\t\t\t\t\t\t<li class=\"elementor-icon-list-item\">\n\t\t\t\t\t\t\t\t\t\t\t<span class=\"elementor-icon-list-icon\">\n\t\t\t\t\t\t\t<i aria-hidden=\"true\" class=\"far fa-envelope\"><\/i>\t\t\t\t\t\t<\/span>\n\t\t\t\t\t\t\t\t\t\t<span class=\"elementor-icon-list-text\">info@sam-asbl.be<\/span>\n\t\t\t\t\t\t\t\t\t<\/li>\n\t\t\t\t\t\t<\/ul>\n\t\t\t\t\t\t<\/div>\n\t\t\t\t<\/div>\n\t\t\t\t\t<\/div>\n\t\t\t\t<\/div>\n\t\t\t\t<\/div>\n\t\t","protected":false},"excerpt":{"rendered":"<p>Service logement Vous avez obtenu un titre de s\u00e9jour, votre situation administrative \u00e9volue, votre famille s\u2019agrandit et vous avez besoin d\u2019un logement ? Nous sommes \u00e0 votre disposition pour vous aider et vous apporter l\u2019aide ad\u00e9quate : recherche d\u2019un logement, accompagnement dans les d\u00e9marches \u00e0&#8230;<\/p>\n","protected":false},"author":8,"featured_media":0,"parent":0,"menu_order":0,"comment_status":"closed","ping_status":"closed","template":"elementor_header_footer","meta":{"_monsterinsights_skip_tracking":false,"_monsterinsights_sitenote_active":false,"_monsterinsights_sitenote_note":"","_monsterinsights_sitenote_category":0,"footnotes":""},"class_list":["post-17054","page","type-page","status-publish","hentry"],"_links":{"self":[{"href":"https:\/\/www.sam-asbl.be\/index.php?rest_route=\/wp\/v2\/pages\/17054","targetHints":{"allow":["GET"]}}],"collection":[{"href":"https:\/\/www.sam-asbl.be\/index.php?rest_route=\/wp\/v2\/pages"}],"about":[{"href":"https:\/\/www.sam-asbl.be\/index.php?rest_route=\/wp\/v2\/types\/page"}],"author":[{"embeddable":true,"href":"https:\/\/www.sam-asbl.be\/index.php?rest_route=\/wp\/v2\/users\/8"}],"replies":[{"embeddable":true,"href":"https:\/\/www.sam-asbl.be\/index.php?rest_route=%2Fwp%2Fv2%2Fcomments&post=17054"}],"version-history":[{"count":8,"href":"https:\/\/www.sam-asbl.be\/index.php?rest_route=\/wp\/v2\/pages\/17054\/revisions"}],"predecessor-version":[{"id":17153,"href":"https:\/\/www.sam-asbl.be\/index.php?rest_route=\/wp\/v2\/pages\/17054\/revisions\/17153"}],"wp:attachment":[{"href":"https:\/\/www.sam-asbl.be\/index.php?rest_route=%2Fwp%2Fv2%2Fmedia&parent=17054"}],"curies":[{"name":"wp","href":"https:\/\/api.w.org\/{rel}","templated":true}]}}