{"id":17060,"date":"2026-04-11T12:51:18","date_gmt":"2026-04-11T10:51:18","guid":{"rendered":"https:\/\/www.sam-asbl.be\/?page_id=17060"},"modified":"2026-04-11T13:17:04","modified_gmt":"2026-04-11T11:17:04","slug":"guidance-jeunes-service","status":"publish","type":"page","link":"https:\/\/www.sam-asbl.be\/?page_id=17060","title":{"rendered":"Guidance jeunes"},"content":{"rendered":"\t\t<div data-elementor-type=\"wp-page\" data-elementor-id=\"17060\" class=\"elementor elementor-17060\" data-elementor-post-type=\"page\">\n\t\t\t\t\t\t<div class=\"elementor-element elementor-element-29451e4 e-con e-atomic-element e-flexbox-base e-29451e4-466de37\" data-id=\"29451e4\" data-element_type=\"e-flexbox\" data-e-type=\"e-flexbox\" data-interaction-id=\"29451e4\">\n\t\t\t\t\t\t\t<h2 \n\t\tdata-interaction-id=\"71be8fd\" \n\t\tclass=\"e-71be8fd-5aedb07 e-heading-base\" \n\t\t \n\t\t\n\t>\n\t\n\t\t\tGuidance jeunes\n\t\t<\/h2>\n\t\t\t\t<\/div>\n\t\t\t\t<div class=\"elementor-element elementor-element-669a9ba e-con e-atomic-element e-flexbox-base e-669a9ba-ecec89e\" data-id=\"669a9ba\" data-element_type=\"e-flexbox\" data-e-type=\"e-flexbox\" data-interaction-id=\"669a9ba\">\n\t\t\t\t\t\t\t\t<p class=\"e-fa48cac-3b37f47 e-paragraph-base\" data-interaction-id=\"fa48cac\"  >\n\t\t\t\t\t\t\t\tLe suivi individuel vise \u00e0 accompagner le jeune dans son cheminement vers l\u2019autonomie, le bien-\u00eatre et l\u2019int\u00e9gration en lui octroyant un r\u00f4le actif dans les d\u00e9marches entreprises afin de lui permettre d\u2019\u00e9laborer progressivement un projet de vie et de devenir acteur \u00e0 part enti\u00e8re de la soci\u00e9t\u00e9. <br><br>Chaque jeune a un r\u00e9f\u00e9rent qui sera son interlocuteur privil\u00e9gi\u00e9. <br><br>Diff\u00e9rents principes guideront le r\u00e9f\u00e9rent dans son interaction avec le mena : <br><br>- L'\u00e9coute du jeune <br>- L'accompagnement <br>- Prise en compte du syst\u00e8me de r\u00e9f\u00e9rence <br>- Ses r\u00e9seaux sociaux <br>- Suivi scolaire - m\u00e9dical - gestion du budget etc ...\n\t\t\t\t\t<\/p>\n\t\t\t\t<\/div>\n\t\t<div class=\"elementor-element elementor-element-bca0b29 e-grid e-con-full e-con e-parent\" data-id=\"bca0b29\" data-element_type=\"container\" data-e-type=\"container\" data-settings=\"{&quot;background_background&quot;:&quot;classic&quot;}\">\n\t\t\t\t<div class=\"elementor-element elementor-element-ee1a704 elementor-arrows-position-outside elementor-pagination-position-outside elementor--h-position-center elementor--v-position-middle elementor-widget elementor-widget-slides\" data-id=\"ee1a704\" data-element_type=\"widget\" data-e-type=\"widget\" data-settings=\"{&quot;navigation&quot;:&quot;both&quot;,&quot;autoplay&quot;:&quot;yes&quot;,&quot;pause_on_hover&quot;:&quot;yes&quot;,&quot;pause_on_interaction&quot;:&quot;yes&quot;,&quot;autoplay_speed&quot;:5000,&quot;infinite&quot;:&quot;yes&quot;,&quot;transition&quot;:&quot;slide&quot;,&quot;transition_speed&quot;:500}\" data-widget_type=\"slides.default\">\n\t\t\t\t<div class=\"elementor-widget-container\">\n\t\t\t\t\t\t\t\t\t<div class=\"elementor-swiper\">\n\t\t\t\t\t<div class=\"elementor-slides-wrapper elementor-main-swiper swiper\" role=\"region\" aria-roledescription=\"carousel\" aria-label=\"Slides\" dir=\"ltr\" data-animation=\"fadeInUp\">\n\t\t\t\t<div class=\"swiper-wrapper elementor-slides\">\n\t\t\t\t\t\t\t\t\t\t<div class=\"elementor-repeater-item-59c6569 swiper-slide\" role=\"group\" aria-roledescription=\"slide\"><div class=\"swiper-slide-bg\" role=\"img\"><\/div><div class=\"swiper-slide-inner\" ><div class=\"swiper-slide-contents\"><\/div><\/div><\/div><div class=\"elementor-repeater-item-873b4d3 swiper-slide\" role=\"group\" aria-roledescription=\"slide\"><div class=\"swiper-slide-bg\" role=\"img\"><\/div><div class=\"swiper-slide-inner\" ><div class=\"swiper-slide-contents\"><\/div><\/div><\/div>\t\t\t\t<\/div>\n\t\t\t\t\t\t\t\t\t\t\t\t\t\t\t<div class=\"swiper-pagination\"><\/div>\n\t\t\t\t\t\t\t\t\t\t\t\t\t\t\t\t<div class=\"elementor-swiper-button elementor-swiper-button-prev\" role=\"button\" tabindex=\"0\" aria-label=\"Previous slide\">\n\t\t\t\t\t\t\t<i aria-hidden=\"true\" class=\"eicon-chevron-left\"><\/i>\t\t\t\t\t\t<\/div>\n\t\t\t\t\t\t<div class=\"elementor-swiper-button elementor-swiper-button-next\" role=\"button\" tabindex=\"0\" aria-label=\"Next slide\">\n\t\t\t\t\t\t\t<i aria-hidden=\"true\" class=\"eicon-chevron-right\"><\/i>\t\t\t\t\t\t<\/div>\n\t\t\t\t\t\t\t\t\t\t\t\t<\/div>\n\t\t\t\t<\/div>\n\t\t\t\t\t\t\t\t<\/div>\n\t\t\t\t<\/div>\n\t\t\t\t<\/div>\n\t\t<div class=\"elementor-element elementor-element-0de93bc e-flex e-con-boxed e-con e-parent\" data-id=\"0de93bc\" data-element_type=\"container\" data-e-type=\"container\" data-settings=\"{&quot;background_background&quot;:&quot;classic&quot;}\">\n\t\t\t\t\t<div class=\"e-con-inner\">\n\t\t\t\t\t\t\t\t<p class=\"e-ba5c7a2-6264ad6 e-paragraph-base\" data-interaction-id=\"ba5c7a2\"  >\n\t\t\t\t\t\t\t\tGuidance jeunes\n\t\t\t\t\t<\/p>\n\t\t\t\t<div class=\"elementor-element elementor-element-14bd7fc elementor-align-center elementor-icon-list--layout-traditional elementor-list-item-link-full_width elementor-widget elementor-widget-icon-list\" data-id=\"14bd7fc\" data-element_type=\"widget\" data-e-type=\"widget\" data-widget_type=\"icon-list.default\">\n\t\t\t\t<div class=\"elementor-widget-container\">\n\t\t\t\t\t\t\t<ul class=\"elementor-icon-list-items\">\n\t\t\t\t\t\t\t<li class=\"elementor-icon-list-item\">\n\t\t\t\t\t\t\t\t\t\t\t<span class=\"elementor-icon-list-icon\">\n\t\t\t\t\t\t\t<i aria-hidden=\"true\" class=\"fas fa-home\"><\/i>\t\t\t\t\t\t<\/span>\n\t\t\t\t\t\t\t\t\t\t<span class=\"elementor-icon-list-text\">Rue Paradis, 62 bte 001 \/ 4000 Li\u00e8ge<\/span>\n\t\t\t\t\t\t\t\t\t<\/li>\n\t\t\t\t\t\t\t\t<li class=\"elementor-icon-list-item\">\n\t\t\t\t\t\t\t\t\t\t\t<span class=\"elementor-icon-list-icon\">\n\t\t\t\t\t\t\t<i aria-hidden=\"true\" class=\"fas fa-phone-alt\"><\/i>\t\t\t\t\t\t<\/span>\n\t\t\t\t\t\t\t\t\t\t<span class=\"elementor-icon-list-text\">0484\/28.15.62 ou 04\/264.39.27<\/span>\n\t\t\t\t\t\t\t\t\t<\/li>\n\t\t\t\t\t\t\t\t<li class=\"elementor-icon-list-item\">\n\t\t\t\t\t\t\t\t\t\t\t<span class=\"elementor-icon-list-icon\">\n\t\t\t\t\t\t\t<i aria-hidden=\"true\" class=\"far fa-envelope\"><\/i>\t\t\t\t\t\t<\/span>\n\t\t\t\t\t\t\t\t\t\t<span class=\"elementor-icon-list-text\">mena@sam-asbl.be<\/span>\n\t\t\t\t\t\t\t\t\t<\/li>\n\t\t\t\t\t\t<\/ul>\n\t\t\t\t\t\t<\/div>\n\t\t\t\t<\/div>\n\t\t\t\t\t<\/div>\n\t\t\t\t<\/div>\n\t\t\t\t<\/div>\n\t\t","protected":false},"excerpt":{"rendered":"<p>Guidance jeunes Le suivi individuel vise \u00e0 accompagner le jeune dans son cheminement vers l\u2019autonomie, le bien-\u00eatre et l\u2019int\u00e9gration en lui octroyant un r\u00f4le actif dans les d\u00e9marches entreprises afin de lui permettre d\u2019\u00e9laborer progressivement un projet de vie et de devenir acteur \u00e0 part&#8230;<\/p>\n","protected":false},"author":8,"featured_media":0,"parent":0,"menu_order":0,"comment_status":"closed","ping_status":"closed","template":"elementor_header_footer","meta":{"_monsterinsights_skip_tracking":false,"_monsterinsights_sitenote_active":false,"_monsterinsights_sitenote_note":"","_monsterinsights_sitenote_category":0,"footnotes":""},"class_list":["post-17060","page","type-page","status-publish","hentry"],"_links":{"self":[{"href":"https:\/\/www.sam-asbl.be\/index.php?rest_route=\/wp\/v2\/pages\/17060","targetHints":{"allow":["GET"]}}],"collection":[{"href":"https:\/\/www.sam-asbl.be\/index.php?rest_route=\/wp\/v2\/pages"}],"about":[{"href":"https:\/\/www.sam-asbl.be\/index.php?rest_route=\/wp\/v2\/types\/page"}],"author":[{"embeddable":true,"href":"https:\/\/www.sam-asbl.be\/index.php?rest_route=\/wp\/v2\/users\/8"}],"replies":[{"embeddable":true,"href":"https:\/\/www.sam-asbl.be\/index.php?rest_route=%2Fwp%2Fv2%2Fcomments&post=17060"}],"version-history":[{"count":8,"href":"https:\/\/www.sam-asbl.be\/index.php?rest_route=\/wp\/v2\/pages\/17060\/revisions"}],"predecessor-version":[{"id":17091,"href":"https:\/\/www.sam-asbl.be\/index.php?rest_route=\/wp\/v2\/pages\/17060\/revisions\/17091"}],"wp:attachment":[{"href":"https:\/\/www.sam-asbl.be\/index.php?rest_route=%2Fwp%2Fv2%2Fmedia&parent=17060"}],"curies":[{"name":"wp","href":"https:\/\/api.w.org\/{rel}","templated":true}]}}